{"id":484,"date":"2024-01-09T13:53:45","date_gmt":"2024-01-09T12:53:45","guid":{"rendered":"http:\/\/noddo.es\/mapaproveedorestic\/?page_id=484"},"modified":"2024-01-17T15:57:35","modified_gmt":"2024-01-17T14:57:35","slug":"politica-de-cookies","status":"publish","type":"page","link":"https:\/\/noddo.es\/mapaproveedorestic\/politica-de-cookies\/","title":{"rendered":"Pol\u00edtica de cookies"},"content":{"rendered":"\t\t<div data-elementor-type=\"wp-page\" data-elementor-id=\"484\" class=\"elementor elementor-484\">\n\t\t\t\t<div class=\"elementor-element elementor-element-1d1fa74 e-con-full e-flex e-con e-parent\" data-id=\"1d1fa74\" data-element_type=\"container\" data-e-type=\"container\" data-settings=\"{&quot;background_background&quot;:&quot;classic&quot;}\">\n\t\t<div class=\"elementor-element elementor-element-6b64445 e-flex e-con-boxed e-con e-child\" data-id=\"6b64445\" data-element_type=\"container\" data-e-type=\"container\">\n\t\t\t\t\t<div class=\"e-con-inner\">\n\t\t\t\t<div class=\"elementor-element elementor-element-ad0aa3b elementor-widget elementor-widget-heading\" data-id=\"ad0aa3b\" data-element_type=\"widget\" data-e-type=\"widget\" data-widget_type=\"heading.default\">\n\t\t\t\t<div class=\"elementor-widget-container\">\n\t\t\t\t\t<h2 class=\"elementor-heading-title elementor-size-default\">Pol\u00edtica de cookies<\/h2>\t\t\t\t<\/div>\n\t\t\t\t<\/div>\n\t\t\t\t\t<\/div>\n\t\t\t\t<\/div>\n\t\t\t\t<\/div>\n\t\t<div class=\"elementor-element elementor-element-3db01ae e-flex e-con-boxed e-con e-parent\" data-id=\"3db01ae\" data-element_type=\"container\" data-e-type=\"container\">\n\t\t\t\t\t<div class=\"e-con-inner\">\n\t\t<div class=\"elementor-element elementor-element-a5b77c7 e-flex e-con-boxed e-con e-child\" data-id=\"a5b77c7\" data-element_type=\"container\" data-e-type=\"container\">\n\t\t\t\t\t<div class=\"e-con-inner\">\n\t\t\t\t<div class=\"elementor-element elementor-element-3bad780 elementor-widget elementor-widget-text-editor\" data-id=\"3bad780\" data-element_type=\"widget\" data-e-type=\"widget\" data-widget_type=\"text-editor.default\">\n\t\t\t\t<div class=\"elementor-widget-container\">\n\t\t\t\t\t\t\t\t\t<p>Esta p\u00e1gina web utiliza cookies u otros archivos de funcionalidad similar (en adelante, \u201ccookies\u201d) para prestarle un mejor servicio y proporcionarle una mejor experiencia de navegaci\u00f3n. El objetivo de esta pol\u00edtica es informarle de manera clara y detallada de qu\u00e9 es una cookie, cu\u00e1l es su finalidad, qu\u00e9 tipo de cookies utilizamos y c\u00f3mo configurarlas o, en su caso, deshabilitarlas.<\/p><p>\u00a0<\/p><p><strong>\u00bfQU\u00c9 SON LAS COOKIES?<\/strong><\/p><p>Una cookie es un fichero que se descarga en su ordenador al acceder a determinadas p\u00e1ginas web. Las cookies permiten a una p\u00e1gina web, entre otras cosas, almacenar y recuperar informaci\u00f3n sobre los h\u00e1bitos de navegaci\u00f3n de un usuario o de su equipo y, dependiendo de la informaci\u00f3n que contengan y de la forma en que se utilice su equipo, pueden servir para reconocerlo.<\/p><p>No obstante, estos medios s\u00f3lo obtienen informaci\u00f3n relacionada con el n\u00famero de p\u00e1ginas visitadas, la ciudad a la que est\u00e1 asignada la direcci\u00f3n IP desde la que se accede, el n\u00famero de nuevos usuarios, la frecuencia y reincidencia de las visitas, el tiempo de visita, el navegador o el operador o tipo de terminal desde el que se realiza la visita. No se obtienen datos sobre el nombre, apellidos, direcci\u00f3n postal u otros datos an\u00e1logos del usuario que se ha conectado.<\/p><p>\u00a0<\/p><p><strong>TIPOS DE COOKIES<\/strong><\/p><p><strong><em>Tipos de cookies seg\u00fan la entidad que las gestiona<\/em><\/strong><\/p><p>\u2013\u00a0<strong>Cookies propias<\/strong>: Son aqu\u00e9llas que se env\u00edan al equipo terminal del usuario desde un equipo o dominio gestionado por el propio editor y desde el que se presta el servicio solicitado por el usuario.<\/p><p>\u2013\u00a0<strong>Cookies de terceros<\/strong>: Son aqu\u00e9llas que se env\u00edan al equipo terminal del usuario desde un equipo o dominio que no es gestionado por el editor, sino por otra entidad que trata los datos obtenidos a trav\u00e9s de las cookies.<\/p><p><strong><em>Tipos de cookies seg\u00fan el per\u00edodo de tiempo que permanecen activadas en su dispositivo<\/em><\/strong><\/p><p>\u2013\u00a0<strong>Cookies de sesi\u00f3n<\/strong>: Son un tipo de cookies dise\u00f1adas para recabar y almacenar datos mientras el usuario accede a una p\u00e1gina web.<\/p><p>\u2013\u00a0<strong>Cookies persistentes<\/strong>: Son un tipo de cookies en el que los datos siguen almacenados en el terminal y pueden ser accedidos y tratados durante un periodo definido por el responsable de la cookie y que puede ir de unos minutos a varios a\u00f1os.<\/p><p><strong><em>Tipos de cookies seg\u00fan su finalidad<\/em><\/strong><\/p><p>\u2013\u00a0<strong>Cookies t\u00e9cnicas o de sesi\u00f3n<\/strong>: son aquellas que permiten al usuario la navegaci\u00f3n a trav\u00e9s de una p\u00e1gina web, plataforma o aplicaci\u00f3n y la utilizaci\u00f3n de las diferentes opciones o servicios que en ella existan, incluyendo la gesti\u00f3n y operativa de la p\u00e1gina web y habilitar sus funciones y servicios, como, por ejemplo, identificar la sesi\u00f3n, acceder a partes de acceso restringido, recordar los elementos que integran un pedido, realizar el proceso de compra de un pedido, gestionar el pago, etc. La p\u00e1gina web no puede funcionar adecuadamente sin estas cookies, por lo que se consideran<\/p><p>necesarias.<\/p><p>\u2013\u00a0<strong>Cookies de preferencias o de personalizaci\u00f3n<\/strong>: son aquellas que permiten recordar informaci\u00f3n para que puedas acceder al Sitio web con caracter\u00edsticas que pueden diferenciar tu experiencia de las de otros usuarios, como, por ejemplo, el aspecto o contenido del Sitio Web, que podr\u00e1 variar en funci\u00f3n del tipo de navegador que utilizas.<\/p><p>\u2013\u00a0<strong>Cookies de an\u00e1lisis<\/strong>: Son aqu\u00e9llas que bien tratadas por nosotros o por terceros, nos permiten cuantificar el n\u00famero de usuarios y as\u00ed realizar la medici\u00f3n y an\u00e1lisis estad\u00edstico de la utilizaci\u00f3n que hacen los usuarios del servicio ofertado. Para ello se analiza su navegaci\u00f3n en nuestra p\u00e1gina web con el fin de mejorar la oferta de productos o servicios que le ofrecemos.<\/p><p>\u2013\u00a0<strong>Cookies publicitarias<\/strong>: Son aqu\u00e9llas que permiten la gesti\u00f3n, de la forma m\u00e1s eficaz posible, de los espacios publicitarios que, en su caso, el editor haya incluido en una p\u00e1gina web, aplicaci\u00f3n o plataforma desde la que presta el servicio solicitado en base a criterios como el contenido editado ola frecuencia en la que se muestran los anuncios.<\/p><p>\u2013\u00a0<strong>Cookies de publicidad comportamental<\/strong>: Son aqu\u00e9llas que permiten la gesti\u00f3n, de la forma m\u00e1s eficaz posible, de los espacios publicitarios que, en su caso, el editor haya incluido en una p\u00e1gina web, aplicaci\u00f3n o plataforma desde la que presta el servicio solicitado. Estas cookies almacenan informaci\u00f3n del comportamiento de los usuarios obtenida a trav\u00e9s de la observaci\u00f3n continuada de sus h\u00e1bitos de navegaci\u00f3n, lo que permite desarrollar un perfil espec\u00edfico para mostrar publicidad en funci\u00f3n del mismo. Asimismo, es posible que al visitar alguna p\u00e1gina web o al abrir alg\u00fan email donde se publique alg\u00fan anuncio o alguna promoci\u00f3n sobre nuestros productos o servicios se<\/p><p>instale en tu navegador alguna cookie que nos sirve para mostrarte posteriormente publicidad relacionada con la b\u00fasqueda que hayas realizado, desarrollar un control de nuestros anuncios en relaci\u00f3n, por ejemplo, con el n\u00famero de veces que son vistos, donde aparecen, a qu\u00e9 hora se ven, etc.<\/p><p>\u00a0<\/p><p><strong>\u00bfQui\u00e9n es el responsable del tratamiento de las cookies en esta p\u00e1gina web?<\/strong><\/p><p>El titular de la web y responsable del tratamiento de las cookies aqu\u00ed utilizadas, as\u00ed como sus datos de contacto, son accesibles en el AVISO LEGAL de esta p\u00e1gina. Asimismo, pueden existir cookies de terceros distintos del titular de esta web, como se explica m\u00e1s abajo.<\/p><p>\u00a0<\/p><p><strong>\u00bfCu\u00e1l es la legitimaci\u00f3n para el uso de las cookies?<\/strong><\/p><p>En el caso de las cookies t\u00e9cnicas, es decir, aquellas que resultan imprescindibles para navegar por esta web y recibir el servicio ofrecido a trav\u00e9s de ella, la base legal de su uso es el acuerdo a trav\u00e9s del cual usted decide utilizar esta p\u00e1gina web y utilizar sus servicios.<\/p><p>La base legal del uso del resto de cookies es el consentimiento del usuario, que se le solicita en el momento de acceder a esta web, pudiendo revocarlo en cualquier momento. La retirada de dicho consentimiento no afectar\u00e1 a la posibilidad de navegar por esta web y utilizar sus servicios, pero los tratamientos de datos efectuados con anterioridad no perder\u00e1n su licitud por el hecho de que el consentimiento se haya revocado.<\/p><p>\u00a0<\/p><p><strong>\u00bfA qu\u00e9 destinatarios se comunicar\u00e1n las cookies o podr\u00e1n acceder a ellas?<\/strong><\/p><p>Cuando existan cookies de terceros, conforme a lo indicado m\u00e1s arriba, dichos terceros podr\u00e1n acceder a las cookies y utilizarlas en la forma antes descrita.<\/p><p>\u00a0<\/p><p><strong>\u00bfCu\u00e1les son sus derechos en relaci\u00f3n con el uso de cookies por esta web?<\/strong><\/p><p>Seg\u00fan dispone la normativa vigente, cualquier persona tiene derecho a obtener confirmaci\u00f3n sobre si se est\u00e1n tratando datos personales que le conciernan, o no. Asimismo, en las condiciones legalmente previstas, las personas interesadas tienen derecho a acceder a sus datos, as\u00ed como a solicitar la rectificaci\u00f3n de los datos inexactos o, en su caso, solicitar su supresi\u00f3n cuando, entre otros motivos, los datos ya no sean necesarios para los fines para los que fueron recogidos. En el caso de las cookies estos derechos pueden ejercerse con sujeci\u00f3n a las limitaciones derivadas de la naturaleza de estos ficheros.<\/p><p>En las condiciones previstas en el Reglamento General de Protecci\u00f3n de Datos, los interesados podr\u00e1n solicitar la limitaci\u00f3n del tratamiento de sus datos o su portabilidad, en cuyo caso \u00fanicamente los conservaremos para el ejercicio o la defensa de reclamaciones.<\/p><p>En determinadas circunstancias y por motivos relacionados con su situaci\u00f3n particular, los interesados podr\u00e1n oponerse al tratamiento de sus datos. Si usted ha otorgado el consentimiento para alguna finalidad espec\u00edfica, tiene derecho a retirarlo en cualquier momento, sin que ello afecte a la licitud del tratamiento basado en el consentimiento previo a su retirada. En estos supuestos dejaremos de tratar los datos o, en su caso, dejaremos de hacerlo para esa finalidad en concreto, salvo por motivos leg\u00edtimos imperiosos, o el ejercicio o la defensa de posibles reclamaciones. Frente a cualquier vulneraci\u00f3n de sus derechos, especialmente cuando usted no haya obtenido satisfacci\u00f3n en su ejercicio, puede presentar una reclamaci\u00f3n ante la Agencia Espa\u00f1ola de Protecci\u00f3n de Datos (datos de contacto accesibles en www.aepd.es), u otra autoridad de control competente. Tambi\u00e9n puede obtener m\u00e1s informaci\u00f3n sobre<\/p><p>los derechos que le asisten dirigi\u00e9ndose a dichos organismos.<\/p><p>\u00a0<\/p><p><strong>\u00bfC\u00f3mo puedo gestionar las cookies?<\/strong><\/p><p>Puede usted permitir, bloquear o eliminar las cookies instaladas en su equipo a trav\u00e9s del enlace\u00a0<strong><em>\u201cCambiar su consentimiento\u201d<\/em><\/strong>, que aparece a continuaci\u00f3n.<\/p><p>Tenga en cuenta que, si acepta las cookies de terceros, deber\u00e1 eliminarlas desde las opciones del navegador o desde el sistema ofrecido por el propio tercero.<\/p><p><strong><em>Configuraci\u00f3n de cookies a trav\u00e9s de tu navegador<\/em><\/strong>: Puedes permitir, bloquear o eliminar las cookies instaladas en tu equipo en cualquier momento a trav\u00e9s de las opciones que pone a tu disposici\u00f3n el navegador que utilizas. Ten en cuenta que, si deshabilitas la totalidad de las cookies, algunas funcionalidades o contenidos del Sitio web pueden verse afectados. Te contamos c\u00f3mo hacerlo en los m\u00e1s habituales:<\/p><ul><li><strong>Si utilizas Microsoft Internet Explorer<\/strong>: pulsa en el bot\u00f3n Herramientas de Internet Explorer y, despu\u00e9s, en Opciones de Internet &gt; Privacidad &gt; Configuraci\u00f3n &gt; Aceptar.<\/li><li><strong>Si utilizas Firefox<\/strong>: pulsa en el bot\u00f3n Firefox y selecciona Opciones &gt; Privacidad &gt; Usar una configuraci\u00f3n personalizada para el historial &gt; Marca la opci\u00f3n Aceptar cookies para activarlas, y desm\u00e1rcala para desactivarlas &gt; Elige durante cu\u00e1nto tiempo las cookies ser\u00e1n almacenadas &gt; Aceptar.<\/li><li><strong>Si utilizas Chrome<\/strong>: pulsa en el men\u00fa de Chrome en la barra de herramientas del navegador &gt; Configuraci\u00f3n &gt; Mostrar opciones avanzadas &gt; En la secci\u00f3n \u00abPrivacidad\u00bb, pulsa en Configuraci\u00f3n de contenido &gt; En la secci\u00f3n \u00abCookies\u00bb, puedes configurar las cookies.<\/li><li><strong>Si utilizas Safari<\/strong>: ve a Preferencias y, en el panel Privacidad, elige Bloquear Cookies, y selecciona la opci\u00f3n que prefieras de las que el navegador te ofrece.<\/li><li><strong>Si utilizas Ope<\/strong>ra: pulsa en Configuraci\u00f3n &gt; Opciones &gt; Avanzado &gt; Cookies.<\/li><li><strong>Si utilizas un IPhone o un Ipad<\/strong>: en la pantalla de inicio, selecciona Ajustes &gt; Safari y, a continuaci\u00f3n, elige la opci\u00f3n de configuraci\u00f3n que prefieras.<\/li><li><strong>Si utilizas An<\/strong>droid: pulsa en Men\u00fa &gt; Ajustes &gt; Seguridad y Privacidad &gt; activa o desactiva la casilla \u201cAceptar cookies\u201d &gt; Reinicia el navegador para que los cambios sean efectivos.<\/li><li><strong>Si utilizas Windows Phone<\/strong>: en Internet Explorer, pulsa en M\u00e1s &gt; Configuraci\u00f3n. Tambi\u00e9n puedes obtener acceso a la configuraci\u00f3n de Internet Explorer a trav\u00e9s de Configuraci\u00f3n, en la lista de aplicaciones. Selecciona o desactiva la opci\u00f3n Permitir cookies.<\/li><\/ul><p><strong>Otras herramientas de terceros<\/strong>: Puedes revocar tu consentimiento para el uso de cookies en tu navegador a trav\u00e9s de las indicaciones anteriores o a trav\u00e9s de la instalaci\u00f3n de un sistema de rechazo, (\u201copt-out\u201d) en tu navegador web. Del mismo modo, al deshabilitar la funci\u00f3n de geolocalizaci\u00f3n de tus dispositivos, podr\u00e1s inhabilitar el seguimiento realizado a trav\u00e9s de determinadas cookies anal\u00edticas.<\/p><p>Tambi\u00e9n podr\u00e1\u00a0<strong>controlar los anuncios<\/strong>\u00a0y las\u00a0<strong>tecnolog\u00edas de seguimiento<\/strong>\u00a0con la aplicaci\u00f3n Ghostery:\u00a0<a href=\"http:\/\/www.ghostery.com\/\">http:\/\/www.ghostery.com\/<\/a><\/p><p>\u00a0<\/p><p><strong>INFORMACI\u00d3N ADICIONAL<\/strong><\/p><p>Puedes consultar informaci\u00f3n adicional sobre el tratamiento de tu informaci\u00f3n, en particular sobre tus derechos y las modalidades de ejercicio de los mismos, en el aviso legal y la pol\u00edtica de privacidad que encontrar\u00e1s disponible a trav\u00e9s del enlace que figura al pie de p\u00e1gina del Sitio Web, y que te invitamos a consultar.<\/p>\t\t\t\t\t\t\t\t<\/div>\n\t\t\t\t<\/div>\n\t\t\t\t\t<\/div>\n\t\t\t\t<\/div>\n\t\t\t\t\t<\/div>\n\t\t\t\t<\/div>\n\t\t<div class=\"elementor-element elementor-element-0110b0f e-flex e-con-boxed e-con e-parent\" data-id=\"0110b0f\" data-element_type=\"container\" data-e-type=\"container\">\n\t\t\t\t\t<div class=\"e-con-inner\">\n\t\t\t\t\t<\/div>\n\t\t\t\t<\/div>\n\t\t\t\t<\/div>\n\t\t","protected":false},"excerpt":{"rendered":"<p>Pol\u00edtica de cookies Esta p\u00e1gina web utiliza cookies u otros archivos de funcionalidad similar (en adelante, \u201ccookies\u201d) para prestarle un mejor servicio y proporcionarle una mejor experiencia de navegaci\u00f3n. El objetivo de esta pol\u00edtica es informarle de manera clara y detallada de qu\u00e9 es una cookie, cu\u00e1l es su finalidad, qu\u00e9 tipo de cookies utilizamos [&hellip;]<\/p>\n","protected":false},"author":2,"featured_media":0,"parent":0,"menu_order":0,"comment_status":"closed","ping_status":"closed","template":"","meta":{"footnotes":""},"class_list":["post-484","page","type-page","status-publish","hentry"],"yoast_head":"<!-- This site is optimized with the Yoast SEO plugin v27.4 - https:\/\/yoast.com\/product\/yoast-seo-wordpress\/ -->\n<title>Pol\u00edtica de cookies - NODDO - Mapa Proveedores TIC<\/title>\n<meta name=\"robots\" content=\"index, follow, max-snippet:-1, max-image-preview:large, max-video-preview:-1\" \/>\n<link rel=\"canonical\" href=\"https:\/\/noddo.es\/mapaproveedorestic\/politica-de-cookies\/\" \/>\n<meta property=\"og:locale\" content=\"es_ES\" \/>\n<meta property=\"og:type\" content=\"article\" \/>\n<meta property=\"og:title\" content=\"Pol\u00edtica de cookies - NODDO - Mapa Proveedores TIC\" \/>\n<meta property=\"og:description\" content=\"Pol\u00edtica de cookies Esta p\u00e1gina web utiliza cookies u otros archivos de funcionalidad similar (en adelante, \u201ccookies\u201d) para prestarle un mejor servicio y proporcionarle una mejor experiencia de navegaci\u00f3n. El objetivo de esta pol\u00edtica es informarle de manera clara y detallada de qu\u00e9 es una cookie, cu\u00e1l es su finalidad, qu\u00e9 tipo de cookies utilizamos [&hellip;]\" \/>\n<meta property=\"og:url\" content=\"https:\/\/noddo.es\/mapaproveedorestic\/politica-de-cookies\/\" \/>\n<meta property=\"og:site_name\" content=\"NODDO - Mapa Proveedores TIC\" \/>\n<meta property=\"article:modified_time\" content=\"2024-01-17T14:57:35+00:00\" \/>\n<meta name=\"twitter:card\" content=\"summary_large_image\" \/>\n<meta name=\"twitter:label1\" content=\"Tiempo de lectura\" \/>\n\t<meta name=\"twitter:data1\" content=\"9 minutos\" \/>\n<script type=\"application\/ld+json\" class=\"yoast-schema-graph\">{\"@context\":\"https:\\\/\\\/schema.org\",\"@graph\":[{\"@type\":\"WebPage\",\"@id\":\"https:\\\/\\\/noddo.es\\\/mapaproveedorestic\\\/politica-de-cookies\\\/\",\"url\":\"https:\\\/\\\/noddo.es\\\/mapaproveedorestic\\\/politica-de-cookies\\\/\",\"name\":\"Pol\u00edtica de cookies - NODDO - Mapa Proveedores TIC\",\"isPartOf\":{\"@id\":\"https:\\\/\\\/noddo.es\\\/mapaproveedorestic\\\/#website\"},\"datePublished\":\"2024-01-09T12:53:45+00:00\",\"dateModified\":\"2024-01-17T14:57:35+00:00\",\"breadcrumb\":{\"@id\":\"https:\\\/\\\/noddo.es\\\/mapaproveedorestic\\\/politica-de-cookies\\\/#breadcrumb\"},\"inLanguage\":\"es\",\"potentialAction\":[{\"@type\":\"ReadAction\",\"target\":[\"https:\\\/\\\/noddo.es\\\/mapaproveedorestic\\\/politica-de-cookies\\\/\"]}]},{\"@type\":\"BreadcrumbList\",\"@id\":\"https:\\\/\\\/noddo.es\\\/mapaproveedorestic\\\/politica-de-cookies\\\/#breadcrumb\",\"itemListElement\":[{\"@type\":\"ListItem\",\"position\":1,\"name\":\"Portada\",\"item\":\"https:\\\/\\\/noddo.es\\\/mapaproveedorestic\\\/\"},{\"@type\":\"ListItem\",\"position\":2,\"name\":\"Pol\u00edtica de cookies\"}]},{\"@type\":\"WebSite\",\"@id\":\"https:\\\/\\\/noddo.es\\\/mapaproveedorestic\\\/#website\",\"url\":\"https:\\\/\\\/noddo.es\\\/mapaproveedorestic\\\/\",\"name\":\"NODDO - Mapa Proveedores TIC\",\"description\":\"Red de Centros Tecnol\u00f3gicos de Castilla y Le\u00f3n\",\"potentialAction\":[{\"@type\":\"SearchAction\",\"target\":{\"@type\":\"EntryPoint\",\"urlTemplate\":\"https:\\\/\\\/noddo.es\\\/mapaproveedorestic\\\/?s={search_term_string}\"},\"query-input\":{\"@type\":\"PropertyValueSpecification\",\"valueRequired\":true,\"valueName\":\"search_term_string\"}}],\"inLanguage\":\"es\"}]}<\/script>\n<!-- \/ Yoast SEO plugin. -->","yoast_head_json":{"title":"Pol\u00edtica de cookies - NODDO - Mapa Proveedores TIC","robots":{"index":"index","follow":"follow","max-snippet":"max-snippet:-1","max-image-preview":"max-image-preview:large","max-video-preview":"max-video-preview:-1"},"canonical":"https:\/\/noddo.es\/mapaproveedorestic\/politica-de-cookies\/","og_locale":"es_ES","og_type":"article","og_title":"Pol\u00edtica de cookies - NODDO - Mapa Proveedores TIC","og_description":"Pol\u00edtica de cookies Esta p\u00e1gina web utiliza cookies u otros archivos de funcionalidad similar (en adelante, \u201ccookies\u201d) para prestarle un mejor servicio y proporcionarle una mejor experiencia de navegaci\u00f3n. El objetivo de esta pol\u00edtica es informarle de manera clara y detallada de qu\u00e9 es una cookie, cu\u00e1l es su finalidad, qu\u00e9 tipo de cookies utilizamos [&hellip;]","og_url":"https:\/\/noddo.es\/mapaproveedorestic\/politica-de-cookies\/","og_site_name":"NODDO - Mapa Proveedores TIC","article_modified_time":"2024-01-17T14:57:35+00:00","twitter_card":"summary_large_image","twitter_misc":{"Tiempo de lectura":"9 minutos"},"schema":{"@context":"https:\/\/schema.org","@graph":[{"@type":"WebPage","@id":"https:\/\/noddo.es\/mapaproveedorestic\/politica-de-cookies\/","url":"https:\/\/noddo.es\/mapaproveedorestic\/politica-de-cookies\/","name":"Pol\u00edtica de cookies - NODDO - Mapa Proveedores TIC","isPartOf":{"@id":"https:\/\/noddo.es\/mapaproveedorestic\/#website"},"datePublished":"2024-01-09T12:53:45+00:00","dateModified":"2024-01-17T14:57:35+00:00","breadcrumb":{"@id":"https:\/\/noddo.es\/mapaproveedorestic\/politica-de-cookies\/#breadcrumb"},"inLanguage":"es","potentialAction":[{"@type":"ReadAction","target":["https:\/\/noddo.es\/mapaproveedorestic\/politica-de-cookies\/"]}]},{"@type":"BreadcrumbList","@id":"https:\/\/noddo.es\/mapaproveedorestic\/politica-de-cookies\/#breadcrumb","itemListElement":[{"@type":"ListItem","position":1,"name":"Portada","item":"https:\/\/noddo.es\/mapaproveedorestic\/"},{"@type":"ListItem","position":2,"name":"Pol\u00edtica de cookies"}]},{"@type":"WebSite","@id":"https:\/\/noddo.es\/mapaproveedorestic\/#website","url":"https:\/\/noddo.es\/mapaproveedorestic\/","name":"NODDO - Mapa Proveedores TIC","description":"Red de Centros Tecnol\u00f3gicos de Castilla y Le\u00f3n","potentialAction":[{"@type":"SearchAction","target":{"@type":"EntryPoint","urlTemplate":"https:\/\/noddo.es\/mapaproveedorestic\/?s={search_term_string}"},"query-input":{"@type":"PropertyValueSpecification","valueRequired":true,"valueName":"search_term_string"}}],"inLanguage":"es"}]}},"_links":{"self":[{"href":"https:\/\/noddo.es\/mapaproveedorestic\/wp-json\/wp\/v2\/pages\/484","targetHints":{"allow":["GET"]}}],"collection":[{"href":"https:\/\/noddo.es\/mapaproveedorestic\/wp-json\/wp\/v2\/pages"}],"about":[{"href":"https:\/\/noddo.es\/mapaproveedorestic\/wp-json\/wp\/v2\/types\/page"}],"author":[{"embeddable":true,"href":"https:\/\/noddo.es\/mapaproveedorestic\/wp-json\/wp\/v2\/users\/2"}],"replies":[{"embeddable":true,"href":"https:\/\/noddo.es\/mapaproveedorestic\/wp-json\/wp\/v2\/comments?post=484"}],"version-history":[{"count":10,"href":"https:\/\/noddo.es\/mapaproveedorestic\/wp-json\/wp\/v2\/pages\/484\/revisions"}],"predecessor-version":[{"id":931,"href":"https:\/\/noddo.es\/mapaproveedorestic\/wp-json\/wp\/v2\/pages\/484\/revisions\/931"}],"wp:attachment":[{"href":"https:\/\/noddo.es\/mapaproveedorestic\/wp-json\/wp\/v2\/media?parent=484"}],"curies":[{"name":"wp","href":"https:\/\/api.w.org\/{rel}","templated":true}]}}